{"id":13,"date":"2019-08-01T07:22:13","date_gmt":"2019-08-01T07:22:13","guid":{"rendered":"https:\/\/ld-wp73.template-help.com\/wordpress\/prod_14993\/v2\/?page_id=13"},"modified":"2025-02-06T09:54:12","modified_gmt":"2025-02-06T09:54:12","slug":"superficies","status":"publish","type":"page","link":"https:\/\/humavimarbres.com\/?page_id=13","title":{"rendered":"Superficies"},"content":{"rendered":"\t\t<div data-elementor-type=\"wp-post\" data-elementor-id=\"13\" class=\"elementor elementor-13\" data-elementor-post-type=\"page\">\n\t\t\t\t\t\t<section class=\"elementor-section elementor-top-section elementor-element elementor-element-86c82c2 elementor-section-boxed elementor-section-height-default elementor-section-height-default\" data-id=\"86c82c2\" data-element_type=\"section\" data-settings=\"{&quot;jet_parallax_layout_list&quot;:[]}\">\n\t\t\t\t\t\t<div class=\"elementor-container elementor-column-gap-default\">\n\t\t\t\t\t<div class=\"elementor-column elementor-col-100 elementor-top-column elementor-element elementor-element-d0d33de\" data-id=\"d0d33de\" data-element_type=\"column\">\n\t\t\t<div class=\"elementor-widget-wrap elementor-element-populated\">\n\t\t\t\t\t\t<div class=\"elementor-element elementor-element-ae47e5a elementor-widget elementor-widget-breadcrumbs\" data-id=\"ae47e5a\" data-element_type=\"widget\" data-widget_type=\"breadcrumbs.default\">\n\t\t\t\t<div class=\"elementor-widget-container\">\n\t\t\t<p id=\"breadcrumbs\"><span><span><a href=\"https:\/\/humavimarbres.com\/\">Home<\/a><\/span><\/span><\/p>\t\t<\/div>\n\t\t\t\t<\/div>\n\t\t\t\t\t<\/div>\n\t\t<\/div>\n\t\t\t\t\t<\/div>\n\t\t<\/section>\n\t\t\t\t<section class=\"elementor-section elementor-top-section elementor-element elementor-element-142ca16 elementor-section-boxed elementor-section-height-default elementor-section-height-default\" data-id=\"142ca16\" data-element_type=\"section\" data-settings=\"{&quot;background_background&quot;:&quot;classic&quot;,&quot;jet_parallax_layout_list&quot;:[{&quot;_id&quot;:&quot;ffa17cd&quot;,&quot;jet_parallax_layout_image&quot;:{&quot;url&quot;:&quot;&quot;,&quot;id&quot;:&quot;&quot;,&quot;size&quot;:&quot;&quot;},&quot;jet_parallax_layout_image_tablet&quot;:{&quot;url&quot;:&quot;&quot;,&quot;id&quot;:&quot;&quot;,&quot;size&quot;:&quot;&quot;},&quot;jet_parallax_layout_image_mobile&quot;:{&quot;url&quot;:&quot;&quot;,&quot;id&quot;:&quot;&quot;,&quot;size&quot;:&quot;&quot;},&quot;jet_parallax_layout_speed&quot;:{&quot;unit&quot;:&quot;%&quot;,&quot;size&quot;:50,&quot;sizes&quot;:[]},&quot;jet_parallax_layout_type&quot;:&quot;scroll&quot;,&quot;jet_parallax_layout_direction&quot;:null,&quot;jet_parallax_layout_fx_direction&quot;:null,&quot;jet_parallax_layout_z_index&quot;:&quot;&quot;,&quot;jet_parallax_layout_bg_x&quot;:50,&quot;jet_parallax_layout_bg_x_tablet&quot;:&quot;&quot;,&quot;jet_parallax_layout_bg_x_mobile&quot;:&quot;&quot;,&quot;jet_parallax_layout_bg_y&quot;:50,&quot;jet_parallax_layout_bg_y_tablet&quot;:&quot;&quot;,&quot;jet_parallax_layout_bg_y_mobile&quot;:&quot;&quot;,&quot;jet_parallax_layout_bg_size&quot;:&quot;auto&quot;,&quot;jet_parallax_layout_bg_size_tablet&quot;:&quot;&quot;,&quot;jet_parallax_layout_bg_size_mobile&quot;:&quot;&quot;,&quot;jet_parallax_layout_animation_prop&quot;:&quot;transform&quot;,&quot;jet_parallax_layout_on&quot;:[&quot;desktop&quot;,&quot;tablet&quot;]}]}\">\n\t\t\t\t\t\t\t<div class=\"elementor-background-overlay\"><\/div>\n\t\t\t\t\t\t\t<div class=\"elementor-container elementor-column-gap-default\">\n\t\t\t\t\t<div class=\"elementor-column elementor-col-100 elementor-top-column elementor-element elementor-element-e15d131\" data-id=\"e15d131\" data-element_type=\"column\">\n\t\t\t<div class=\"elementor-widget-wrap elementor-element-populated\">\n\t\t\t\t\t\t<div class=\"elementor-element elementor-element-ed4613a elementor-widget elementor-widget-heading\" data-id=\"ed4613a\" data-element_type=\"widget\" data-widget_type=\"heading.default\">\n\t\t\t\t<div class=\"elementor-widget-container\">\n\t\t\t<h1 class=\"elementor-heading-title elementor-size-default\">Nuestras Superficies Personalizadas<\/h1>\t\t<\/div>\n\t\t\t\t<\/div>\n\t\t\t\t<div class=\"elementor-element elementor-element-7e880d3 elementor-widget elementor-widget-text-editor\" data-id=\"7e880d3\" data-element_type=\"widget\" data-widget_type=\"text-editor.default\">\n\t\t\t\t<div class=\"elementor-widget-container\">\n\t\t\t\t\t\t\t<p>En Humavi Marbres, nos especializamos en crear superficies a medida que aportan funcionalidad y estilo a tus espacios. Descubre nuestras soluciones para cada rinc\u00f3n de tu hogar.<\/p>\t\t\t\t\t\t<\/div>\n\t\t\t\t<\/div>\n\t\t\t\t\t<\/div>\n\t\t<\/div>\n\t\t\t\t\t<\/div>\n\t\t<\/section>\n\t\t\t\t<section class=\"elementor-section elementor-top-section elementor-element elementor-element-a829426 elementor-section-boxed elementor-section-height-default elementor-section-height-default\" data-id=\"a829426\" data-element_type=\"section\" data-settings=\"{&quot;jet_parallax_layout_list&quot;:[]}\">\n\t\t\t\t\t\t<div class=\"elementor-container elementor-column-gap-default\">\n\t\t\t\t\t<div class=\"elementor-column elementor-col-50 elementor-top-column elementor-element elementor-element-93e8102\" data-id=\"93e8102\" data-element_type=\"column\">\n\t\t\t<div class=\"elementor-widget-wrap elementor-element-populated\">\n\t\t\t\t\t\t<div class=\"elementor-element elementor-element-c534063 elementor-widget-tablet__width-inherit elementor-widget-mobile__width-inherit elementor-widget elementor-widget-jet-animated-box\" data-id=\"c534063\" data-element_type=\"widget\" data-widget_type=\"jet-animated-box.default\">\n\t\t\t\t<div class=\"elementor-widget-container\">\n\t\t\t<div class=\"elementor-jet-animated-box jet-elements\"><div id=\"jet-animated-box-c534063\" class=\"jet-animated-box jet-box-effect-6\" data-settings='{\"widgetId\":\"c534063\",\"switchEventType\":\"hover\",\"paperFoldDirection\":\"left\",\"slideOutDirection\":\"left\",\"peelCornerPosition\":\"right\"}'>\n\t<div id=\"jet-animated-box__front-c534063\" class=\"jet-animated-box__front\">\n\t\t<div class=\"jet-animated-box__inner\"><div class=\"jet-animated-box__content\"><h2 class=\"jet-animated-box__title jet-animated-box__title--front\">Encimeras para cocinas<\/h2><p class=\"jet-animated-box__description jet-animated-box__description--front\">Creaci\u00f3n de encimeras de m\u00e1rmol para cocinas. Todas ellas hechas a medida. Tanto para particulares como para constructores. <\/p><\/div><\/div>\n\t\t<div class=\"jet-animated-box__overlay\"><\/div><\/div>\n\t<div id=\"jet-animated-box__back-c534063\" class=\"jet-animated-box__back\">\n\t\t<div class=\"jet-animated-box__inner\"><div class=\"jet-animated-box__content\"><a class=\"elementor-button elementor-size-md jet-animated-box__button jet-animated-box__button--back jet-animated-box__button--icon-\" href=\"https:\/\/humavimarbres.com\/services\/cocina\/\"><span class=\"jet-animated-box__button-text\">Saber m\u00e1s<\/span><\/a>\n\n<\/div><\/div>\n\t\t<div class=\"jet-animated-box__overlay\"><\/div><\/div>\n<\/div>\n<\/div>\t\t<\/div>\n\t\t\t\t<\/div>\n\t\t\t\t<div class=\"elementor-element elementor-element-a210341 elementor-widget-tablet__width-inherit elementor-widget-mobile__width-inherit elementor-widget elementor-widget-jet-animated-box\" data-id=\"a210341\" data-element_type=\"widget\" data-widget_type=\"jet-animated-box.default\">\n\t\t\t\t<div class=\"elementor-widget-container\">\n\t\t\t<div class=\"elementor-jet-animated-box jet-elements\"><div id=\"jet-animated-box-a210341\" class=\"jet-animated-box jet-box-effect-6\" data-settings='{\"widgetId\":\"a210341\",\"switchEventType\":\"hover\",\"paperFoldDirection\":\"left\",\"slideOutDirection\":\"left\",\"peelCornerPosition\":\"right\"}'>\n\t<div id=\"jet-animated-box__front-a210341\" class=\"jet-animated-box__front\">\n\t\t<div class=\"jet-animated-box__inner\"><div class=\"jet-animated-box__content\"><h3 class=\"jet-animated-box__title jet-animated-box__title--front\">Fregaderos ba\u00f1os y cocinas<\/h3><p class=\"jet-animated-box__description jet-animated-box__description--front\">Creamos fregadores para cocinas y ba\u00f1os, dependiendo de las necesidades de los clientes. <\/p><\/div><\/div>\n\t\t<div class=\"jet-animated-box__overlay\"><\/div><\/div>\n\t<div id=\"jet-animated-box__back-a210341\" class=\"jet-animated-box__back\">\n\t\t<div class=\"jet-animated-box__inner\"><div class=\"jet-animated-box__content\"><a class=\"elementor-button elementor-size-md jet-animated-box__button jet-animated-box__button--back jet-animated-box__button--icon-\" href=\"https:\/\/humavimarbres.com\/services\/fregaderos-marmol\/\"><span class=\"jet-animated-box__button-text\">Saber m\u00e1s<\/span><\/a>\n\n<\/div><\/div>\n\t\t<div class=\"jet-animated-box__overlay\"><\/div><\/div>\n<\/div>\n<\/div>\t\t<\/div>\n\t\t\t\t<\/div>\n\t\t\t\t\t<\/div>\n\t\t<\/div>\n\t\t\t\t<div class=\"elementor-column elementor-col-50 elementor-top-column elementor-element elementor-element-ab0bdca\" data-id=\"ab0bdca\" data-element_type=\"column\">\n\t\t\t<div class=\"elementor-widget-wrap elementor-element-populated\">\n\t\t\t\t\t\t<div class=\"elementor-element elementor-element-3826512 elementor-widget-tablet__width-inherit elementor-widget-mobile__width-inherit elementor-widget elementor-widget-jet-animated-box\" data-id=\"3826512\" data-element_type=\"widget\" data-widget_type=\"jet-animated-box.default\">\n\t\t\t\t<div class=\"elementor-widget-container\">\n\t\t\t<div class=\"elementor-jet-animated-box jet-elements\"><div id=\"jet-animated-box-3826512\" class=\"jet-animated-box jet-box-effect-6\" data-settings='{\"widgetId\":\"3826512\",\"switchEventType\":\"hover\",\"paperFoldDirection\":\"left\",\"slideOutDirection\":\"left\",\"peelCornerPosition\":\"right\"}'>\n\t<div id=\"jet-animated-box__front-3826512\" class=\"jet-animated-box__front\">\n\t\t<div class=\"jet-animated-box__inner\"><div class=\"jet-animated-box__content\"><h3 class=\"jet-animated-box__title jet-animated-box__title--front\">Encimera para cuartos de ba\u00f1o<\/h3><p class=\"jet-animated-box__description jet-animated-box__description--front\">Creaci\u00f3n de encimeras de m\u00e1rmol para ba\u00f1os.  Todas ellas hechas a medida. Tanto para particulares como para constructores. <\/p><\/div><\/div>\n\t\t<div class=\"jet-animated-box__overlay\"><\/div><\/div>\n\t<div id=\"jet-animated-box__back-3826512\" class=\"jet-animated-box__back\">\n\t\t<div class=\"jet-animated-box__inner\"><div class=\"jet-animated-box__content\"><a class=\"elementor-button elementor-size-md jet-animated-box__button jet-animated-box__button--back jet-animated-box__button--icon-\" href=\"https:\/\/humavimarbres.com\/services\/banos\/\"><span class=\"jet-animated-box__button-text\">SABER M\u00c1S <\/span><\/a>\n\n<\/div><\/div>\n\t\t<div class=\"jet-animated-box__overlay\"><\/div><\/div>\n<\/div>\n<\/div>\t\t<\/div>\n\t\t\t\t<\/div>\n\t\t\t\t<div class=\"elementor-element elementor-element-2895d84 elementor-widget-tablet__width-inherit elementor-widget-mobile__width-inherit elementor-widget elementor-widget-jet-animated-box\" data-id=\"2895d84\" data-element_type=\"widget\" data-widget_type=\"jet-animated-box.default\">\n\t\t\t\t<div class=\"elementor-widget-container\">\n\t\t\t<div class=\"elementor-jet-animated-box jet-elements\"><div id=\"jet-animated-box-2895d84\" class=\"jet-animated-box jet-box-effect-6\" data-settings='{\"widgetId\":\"2895d84\",\"switchEventType\":\"hover\",\"paperFoldDirection\":\"left\",\"slideOutDirection\":\"left\",\"peelCornerPosition\":\"right\"}'>\n\t<div id=\"jet-animated-box__front-2895d84\" class=\"jet-animated-box__front\">\n\t\t<div class=\"jet-animated-box__inner\"><div class=\"jet-animated-box__content\"><h2 class=\"jet-animated-box__title jet-animated-box__title--front\">Cargadores inal\u00e1mbricos<\/h2><p class=\"jet-animated-box__description jet-animated-box__description--front\">Somos distribuidores e instaladores de cargadores inal\u00e1mbricos. Los dispositivos se carga simplemente coloc\u00e1ndolos sobre la superficie.<\/p><\/div><\/div>\n\t\t<div class=\"jet-animated-box__overlay\"><\/div><\/div>\n\t<div id=\"jet-animated-box__back-2895d84\" class=\"jet-animated-box__back\">\n\t\t<div class=\"jet-animated-box__inner\"><div class=\"jet-animated-box__content\"><a class=\"elementor-button elementor-size-md jet-animated-box__button jet-animated-box__button--back jet-animated-box__button--icon-\" href=\"https:\/\/humavimarbres.com\/services\/cargadores-inalambricos\/\"><span class=\"jet-animated-box__button-text\">Saber m\u00e1s<\/span><\/a>\n\n<\/div><\/div>\n\t\t<div class=\"jet-animated-box__overlay\"><\/div><\/div>\n<\/div>\n<\/div>\t\t<\/div>\n\t\t\t\t<\/div>\n\t\t\t\t\t<\/div>\n\t\t<\/div>\n\t\t\t\t\t<\/div>\n\t\t<\/section>\n\t\t\t\t<section class=\"elementor-section elementor-top-section elementor-element elementor-element-69c6cae elementor-section-boxed elementor-section-height-default elementor-section-height-default\" data-id=\"69c6cae\" data-element_type=\"section\" data-settings=\"{&quot;jet_parallax_layout_list&quot;:[]}\">\n\t\t\t\t\t\t<div class=\"elementor-container elementor-column-gap-default\">\n\t\t\t\t\t<div class=\"elementor-column elementor-col-100 elementor-top-column elementor-element elementor-element-3ef23f9\" data-id=\"3ef23f9\" data-element_type=\"column\">\n\t\t\t<div class=\"elementor-widget-wrap elementor-element-populated\">\n\t\t\t\t\t\t<div class=\"elementor-element elementor-element-702434d elementor-widget elementor-widget-heading\" data-id=\"702434d\" data-element_type=\"widget\" data-widget_type=\"heading.default\">\n\t\t\t\t<div class=\"elementor-widget-container\">\n\t\t\t<h2 class=\"elementor-heading-title elementor-size-default\">\u00bfPor qu\u00e9 elegir nuestras superficies?<\/h2>\t\t<\/div>\n\t\t\t\t<\/div>\n\t\t\t\t<div class=\"elementor-element elementor-element-827bf9a elementor-widget elementor-widget-text-editor\" data-id=\"827bf9a\" data-element_type=\"widget\" data-widget_type=\"text-editor.default\">\n\t\t\t\t<div class=\"elementor-widget-container\">\n\t\t\t\t\t\t\t<p>Ofrecemos una gama completa de servicios para la creaci\u00f3n e instalaci\u00f3n de superficies en cocinas y ba\u00f1os. Desde la selecci\u00f3n de materiales de primera calidad hasta la instalaci\u00f3n por expertos, nos aseguramos de que cada proyecto refleje tus gustos y necesidades. Nuestras superficies no solo aportan belleza a tus espacios, sino que tambi\u00e9n ofrecen durabilidad y facilidad de mantenimiento. \u00a1Conf\u00eda en nosotros para materializar tus ideas!<\/p>\t\t\t\t\t\t<\/div>\n\t\t\t\t<\/div>\n\t\t\t\t\t<\/div>\n\t\t<\/div>\n\t\t\t\t\t<\/div>\n\t\t<\/section>\n\t\t\t\t<\/div>\n\t\t","protected":false},"excerpt":{"rendered":"<p>Nuestras Superficies Personalizadas En Humavi Marbres, nos especializamos en crear superficies a medida que aportan funcionalidad y estilo a tus espacios. Descubre nuestras soluciones para cada rinc\u00f3n de tu hogar. Encimeras para cocinas Creaci\u00f3n de encimeras de m\u00e1rmol para cocinas. Todas ellas hechas a medida. Tanto para particulares como para constructores. Saber m\u00e1s Fregaderos ba\u00f1os [&hellip;]<\/p>\n","protected":false},"author":1,"featured_media":0,"parent":0,"menu_order":0,"comment_status":"closed","ping_status":"closed","template":"elementor_header_footer","meta":{"footnotes":""},"class_list":["post-13","page","type-page","status-publish","hentry","no-thumb"],"yoast_head":"<!-- This site is optimized with the Yoast SEO Premium plugin v23.6 (Yoast SEO v24.2) - https:\/\/yoast.com\/wordpress\/plugins\/seo\/ -->\n<title>Superficies Adaptadas para Cocina y Ba\u00f1o | Humavi Marbres<\/title>\n<meta name=\"description\" content=\"Superficies adaptadas para cocinas y ba\u00f1os. Dise\u00f1amos e instalamos soluciones elegantes y funcionales para tus estancias en Gand\u00eda, Denia, J\u00e1vea y Calpe.\" \/>\n<meta name=\"robots\" content=\"index, follow, max-snippet:-1, max-image-preview:large, max-video-preview:-1\" \/>\n<link rel=\"canonical\" href=\"https:\/\/humavimarbres.com\/?page_id=13\" \/>\n<meta property=\"og:locale\" content=\"es_ES\" \/>\n<meta property=\"og:type\" content=\"article\" \/>\n<meta property=\"og:title\" content=\"Superficies\" \/>\n<meta property=\"og:description\" content=\"Superficies adaptadas para cocinas y ba\u00f1os. Dise\u00f1amos e instalamos soluciones elegantes y funcionales para tus estancias en Gand\u00eda, Denia, J\u00e1vea y Calpe.\" \/>\n<meta property=\"og:url\" content=\"https:\/\/humavimarbres.com\/?page_id=13\" \/>\n<meta property=\"og:site_name\" content=\"Humavi Marbres\" \/>\n<meta property=\"article:publisher\" content=\"https:\/\/www.facebook.com\/share\/1SCi8f6EEw\/\" \/>\n<meta property=\"article:modified_time\" content=\"2025-02-06T09:54:12+00:00\" \/>\n<meta property=\"og:image\" content=\"https:\/\/humavimarbres.com\/wp-content\/uploads\/2025\/02\/Portada-Encimeras-Humavi-Marbres-Local.png\" \/>\n\t<meta property=\"og:image:width\" content=\"1875\" \/>\n\t<meta property=\"og:image:height\" content=\"1250\" \/>\n\t<meta property=\"og:image:type\" content=\"image\/png\" \/>\n<meta name=\"twitter:card\" content=\"summary_large_image\" \/>\n<meta name=\"twitter:label1\" content=\"Tiempo de lectura\" \/>\n\t<meta name=\"twitter:data1\" content=\"1 minuto\" \/>\n<script type=\"application\/ld+json\" class=\"yoast-schema-graph\">{\"@context\":\"https:\/\/schema.org\",\"@graph\":[{\"@type\":\"WebPage\",\"@id\":\"https:\/\/humavimarbres.com\/?page_id=13\",\"url\":\"https:\/\/humavimarbres.com\/?page_id=13\",\"name\":\"Superficies Adaptadas para Cocina y Ba\u00f1o | Humavi Marbres\",\"isPartOf\":{\"@id\":\"https:\/\/humavimarbres.com\/#website\"},\"datePublished\":\"2019-08-01T07:22:13+00:00\",\"dateModified\":\"2025-02-06T09:54:12+00:00\",\"description\":\"Superficies adaptadas para cocinas y ba\u00f1os. Dise\u00f1amos e instalamos soluciones elegantes y funcionales para tus estancias en Gand\u00eda, Denia, J\u00e1vea y Calpe.\",\"breadcrumb\":{\"@id\":\"https:\/\/humavimarbres.com\/?page_id=13#breadcrumb\"},\"inLanguage\":\"es\",\"potentialAction\":[{\"@type\":\"ReadAction\",\"target\":[\"https:\/\/humavimarbres.com\/?page_id=13\"]}]},{\"@type\":\"BreadcrumbList\",\"@id\":\"https:\/\/humavimarbres.com\/?page_id=13#breadcrumb\",\"itemListElement\":[{\"@type\":\"ListItem\",\"position\":1,\"name\":\"Home\",\"item\":\"https:\/\/humavimarbres.com\/\"},{\"@type\":\"ListItem\",\"position\":2,\"name\":\"Superficies\"}]},{\"@type\":\"WebSite\",\"@id\":\"https:\/\/humavimarbres.com\/#website\",\"url\":\"https:\/\/humavimarbres.com\/\",\"name\":\"Humavi Marbres Encimeras de Cocina\",\"description\":\"Especialistas en m\u00e1rmol y porcel\u00e1nico\",\"publisher\":{\"@id\":\"https:\/\/humavimarbres.com\/#organization\"},\"alternateName\":\"humavimarbres.com\",\"potentialAction\":[{\"@type\":\"SearchAction\",\"target\":{\"@type\":\"EntryPoint\",\"urlTemplate\":\"https:\/\/humavimarbres.com\/?s={search_term_string}\"},\"query-input\":{\"@type\":\"PropertyValueSpecification\",\"valueRequired\":true,\"valueName\":\"search_term_string\"}}],\"inLanguage\":\"es\"},{\"@type\":\"Organization\",\"@id\":\"https:\/\/humavimarbres.com\/#organization\",\"name\":\"Humavi Marbres Encimeras de Cocina\",\"alternateName\":\"humavimarbres.com\",\"url\":\"https:\/\/humavimarbres.com\/\",\"logo\":{\"@type\":\"ImageObject\",\"inLanguage\":\"es\",\"@id\":\"https:\/\/humavimarbres.com\/#\/schema\/logo\/image\/\",\"url\":\"https:\/\/humavimarbres.com\/wp-content\/uploads\/2025\/01\/cropped-Logo-Humavi-Marbres.png\",\"contentUrl\":\"https:\/\/humavimarbres.com\/wp-content\/uploads\/2025\/01\/cropped-Logo-Humavi-Marbres.png\",\"width\":1213,\"height\":315,\"caption\":\"Humavi Marbres Encimeras de Cocina\"},\"image\":{\"@id\":\"https:\/\/humavimarbres.com\/#\/schema\/logo\/image\/\"},\"sameAs\":[\"https:\/\/www.facebook.com\/share\/1SCi8f6EEw\/\",\"https:\/\/www.instagram.com\/humavi_marbres?igsh=Nm12MmRocWpubHNm\"]}]}<\/script>\n<!-- \/ Yoast SEO Premium plugin. -->","yoast_head_json":{"title":"Superficies Adaptadas para Cocina y Ba\u00f1o | Humavi Marbres","description":"Superficies adaptadas para cocinas y ba\u00f1os. Dise\u00f1amos e instalamos soluciones elegantes y funcionales para tus estancias en Gand\u00eda, Denia, J\u00e1vea y Calpe.","robots":{"index":"index","follow":"follow","max-snippet":"max-snippet:-1","max-image-preview":"max-image-preview:large","max-video-preview":"max-video-preview:-1"},"canonical":"https:\/\/humavimarbres.com\/?page_id=13","og_locale":"es_ES","og_type":"article","og_title":"Superficies","og_description":"Superficies adaptadas para cocinas y ba\u00f1os. Dise\u00f1amos e instalamos soluciones elegantes y funcionales para tus estancias en Gand\u00eda, Denia, J\u00e1vea y Calpe.","og_url":"https:\/\/humavimarbres.com\/?page_id=13","og_site_name":"Humavi Marbres","article_publisher":"https:\/\/www.facebook.com\/share\/1SCi8f6EEw\/","article_modified_time":"2025-02-06T09:54:12+00:00","og_image":[{"width":1875,"height":1250,"url":"https:\/\/humavimarbres.com\/wp-content\/uploads\/2025\/02\/Portada-Encimeras-Humavi-Marbres-Local.png","type":"image\/png"}],"twitter_card":"summary_large_image","twitter_misc":{"Tiempo de lectura":"1 minuto"},"schema":{"@context":"https:\/\/schema.org","@graph":[{"@type":"WebPage","@id":"https:\/\/humavimarbres.com\/?page_id=13","url":"https:\/\/humavimarbres.com\/?page_id=13","name":"Superficies Adaptadas para Cocina y Ba\u00f1o | Humavi Marbres","isPartOf":{"@id":"https:\/\/humavimarbres.com\/#website"},"datePublished":"2019-08-01T07:22:13+00:00","dateModified":"2025-02-06T09:54:12+00:00","description":"Superficies adaptadas para cocinas y ba\u00f1os. Dise\u00f1amos e instalamos soluciones elegantes y funcionales para tus estancias en Gand\u00eda, Denia, J\u00e1vea y Calpe.","breadcrumb":{"@id":"https:\/\/humavimarbres.com\/?page_id=13#breadcrumb"},"inLanguage":"es","potentialAction":[{"@type":"ReadAction","target":["https:\/\/humavimarbres.com\/?page_id=13"]}]},{"@type":"BreadcrumbList","@id":"https:\/\/humavimarbres.com\/?page_id=13#breadcrumb","itemListElement":[{"@type":"ListItem","position":1,"name":"Home","item":"https:\/\/humavimarbres.com\/"},{"@type":"ListItem","position":2,"name":"Superficies"}]},{"@type":"WebSite","@id":"https:\/\/humavimarbres.com\/#website","url":"https:\/\/humavimarbres.com\/","name":"Humavi Marbres Encimeras de Cocina","description":"Especialistas en m\u00e1rmol y porcel\u00e1nico","publisher":{"@id":"https:\/\/humavimarbres.com\/#organization"},"alternateName":"humavimarbres.com","potentialAction":[{"@type":"SearchAction","target":{"@type":"EntryPoint","urlTemplate":"https:\/\/humavimarbres.com\/?s={search_term_string}"},"query-input":{"@type":"PropertyValueSpecification","valueRequired":true,"valueName":"search_term_string"}}],"inLanguage":"es"},{"@type":"Organization","@id":"https:\/\/humavimarbres.com\/#organization","name":"Humavi Marbres Encimeras de Cocina","alternateName":"humavimarbres.com","url":"https:\/\/humavimarbres.com\/","logo":{"@type":"ImageObject","inLanguage":"es","@id":"https:\/\/humavimarbres.com\/#\/schema\/logo\/image\/","url":"https:\/\/humavimarbres.com\/wp-content\/uploads\/2025\/01\/cropped-Logo-Humavi-Marbres.png","contentUrl":"https:\/\/humavimarbres.com\/wp-content\/uploads\/2025\/01\/cropped-Logo-Humavi-Marbres.png","width":1213,"height":315,"caption":"Humavi Marbres Encimeras de Cocina"},"image":{"@id":"https:\/\/humavimarbres.com\/#\/schema\/logo\/image\/"},"sameAs":["https:\/\/www.facebook.com\/share\/1SCi8f6EEw\/","https:\/\/www.instagram.com\/humavi_marbres?igsh=Nm12MmRocWpubHNm"]}]}},"_links":{"self":[{"href":"https:\/\/humavimarbres.com\/index.php?rest_route=\/wp\/v2\/pages\/13","targetHints":{"allow":["GET"]}}],"collection":[{"href":"https:\/\/humavimarbres.com\/index.php?rest_route=\/wp\/v2\/pages"}],"about":[{"href":"https:\/\/humavimarbres.com\/index.php?rest_route=\/wp\/v2\/types\/page"}],"author":[{"embeddable":true,"href":"https:\/\/humavimarbres.com\/index.php?rest_route=\/wp\/v2\/users\/1"}],"replies":[{"embeddable":true,"href":"https:\/\/humavimarbres.com\/index.php?rest_route=%2Fwp%2Fv2%2Fcomments&post=13"}],"version-history":[{"count":13,"href":"https:\/\/humavimarbres.com\/index.php?rest_route=\/wp\/v2\/pages\/13\/revisions"}],"predecessor-version":[{"id":5358,"href":"https:\/\/humavimarbres.com\/index.php?rest_route=\/wp\/v2\/pages\/13\/revisions\/5358"}],"wp:attachment":[{"href":"https:\/\/humavimarbres.com\/index.php?rest_route=%2Fwp%2Fv2%2Fmedia&parent=13"}],"curies":[{"name":"wp","href":"https:\/\/api.w.org\/{rel}","templated":true}]}}